{"id":37,"date":"2026-01-06T19:13:08","date_gmt":"2026-01-06T19:13:08","guid":{"rendered":"https:\/\/aleksandra.klecha.pl\/?page_id=37"},"modified":"2026-02-17T22:50:57","modified_gmt":"2026-02-17T21:50:57","slug":"strona-glowna","status":"publish","type":"page","link":"https:\/\/aleksandra.klecha.pl\/","title":{"rendered":"Strona g\u0142\u00f3wna"},"content":{"rendered":"\n<h2 class=\"wp-block-heading\">Psycholog Psychoterapeuta Pozna\u0144, online &#8211; <strong><em>ju\u017c wkr\u00f3tce pe\u0142na wersja strony<\/em><\/strong><\/h2>\n\n\n\n<p><\/p>\n\n\n\n<p><\/p>\n\n\n\n<p>Oferuj\u0119 psychoterapi\u0119 indywidualn\u0105, terapi\u0119 par oraz konsultacje seksuologiczne dla os\u00f3b doros\u0142ych w Poznaniu.<br>Pracuj\u0119 z zaburzeniami l\u0119kowymi, zaburzeniami nastroju, osobowo\u015bci i od\u017cywiania, a tak\u017ce z trudno\u015bciami w relacjach oraz codziennym funkcjonowaniu.<br>Psychoterapia oparta jest na jasno okre\u015blonych celach, dostosowanych do indywidualnych potrzeb pacjenta. Jestem psychologiem, seksuologiem oraz certyfikowanym psychoterapeut\u0105 PTTPB.<br>Oferuj\u0119 sesje stacjonarne w Poznaniu oraz sesje online.<\/p>\n\n\n\n<p><\/p>\n","protected":false},"excerpt":{"rendered":"<p>Psycholog Psychoterapeuta Pozna\u0144, online &#8211; ju\u017c wkr\u00f3tce pe\u0142na wersja strony Oferuj\u0119 psychoterapi\u0119 indywidualn\u0105, terapi\u0119 par oraz konsultacje seksuologiczne dla os\u00f3b doros\u0142ych w Poznaniu.Pracuj\u0119 z zaburzeniami l\u0119kowymi, zaburzeniami nastroju, osobowo\u015bci i od\u017cywiania, a tak\u017ce z trudno\u015bciami w relacjach oraz codziennym funkcjonowaniu.Psychoterapia oparta jest na jasno okre\u015blonych celach, dostosowanych do indywidualnych potrzeb pacjenta. Jestem psychologiem, seksuologiem oraz [&hellip;]<\/p>\n","protected":false},"author":1,"featured_media":0,"parent":0,"menu_order":0,"comment_status":"closed","ping_status":"closed","template":"","meta":{"_coblocks_attr":"","_coblocks_dimensions":"","_coblocks_responsive_height":"","_coblocks_accordion_ie_support":"","hide_page_title":"","footnotes":""},"class_list":["post-37","page","type-page","status-publish","hentry"],"yoast_head":"<!-- This site is optimized with the Yoast SEO plugin v27.4 - https:\/\/yoast.com\/product\/yoast-seo-wordpress\/ -->\n<title>Strona g\u0142\u00f3wna - Psycholog Psychoterapeuta Aleksandra Klecha<\/title>\n<meta name=\"robots\" content=\"index, follow, max-snippet:-1, max-image-preview:large, max-video-preview:-1\" \/>\n<link rel=\"canonical\" href=\"https:\/\/aleksandra.klecha.pl\/\" \/>\n<meta property=\"og:locale\" content=\"pl_PL\" \/>\n<meta property=\"og:type\" content=\"article\" \/>\n<meta property=\"og:title\" content=\"Strona g\u0142\u00f3wna - Psycholog Psychoterapeuta Aleksandra Klecha\" \/>\n<meta property=\"og:description\" content=\"Psycholog Psychoterapeuta Pozna\u0144, online &#8211; ju\u017c wkr\u00f3tce pe\u0142na wersja strony Oferuj\u0119 psychoterapi\u0119 indywidualn\u0105, terapi\u0119 par oraz konsultacje seksuologiczne dla os\u00f3b doros\u0142ych w Poznaniu.Pracuj\u0119 z zaburzeniami l\u0119kowymi, zaburzeniami nastroju, osobowo\u015bci i od\u017cywiania, a tak\u017ce z trudno\u015bciami w relacjach oraz codziennym funkcjonowaniu.Psychoterapia oparta jest na jasno okre\u015blonych celach, dostosowanych do indywidualnych potrzeb pacjenta. Jestem psychologiem, seksuologiem oraz [&hellip;]\" \/>\n<meta property=\"og:url\" content=\"https:\/\/aleksandra.klecha.pl\/\" \/>\n<meta property=\"og:site_name\" content=\"Psycholog Psychoterapeuta Aleksandra Klecha\" \/>\n<meta property=\"article:publisher\" content=\"https:\/\/www.facebook.com\/profile.php?id=61586978368165\" \/>\n<meta property=\"article:modified_time\" content=\"2026-02-17T21:50:57+00:00\" \/>\n<meta name=\"twitter:card\" content=\"summary_large_image\" \/>\n<meta name=\"twitter:label1\" content=\"Szacowany czas czytania\" \/>\n\t<meta name=\"twitter:data1\" content=\"1 minuta\" \/>\n<script type=\"application\/ld+json\" class=\"yoast-schema-graph\">{\"@context\":\"https:\\\/\\\/schema.org\",\"@graph\":[{\"@type\":\"WebPage\",\"@id\":\"https:\\\/\\\/aleksandra.klecha.pl\\\/\",\"url\":\"https:\\\/\\\/aleksandra.klecha.pl\\\/\",\"name\":\"Strona g\u0142\u00f3wna - Psycholog Psychoterapeuta Aleksandra Klecha\",\"isPartOf\":{\"@id\":\"https:\\\/\\\/aleksandra.klecha.pl\\\/#website\"},\"datePublished\":\"2026-01-06T19:13:08+00:00\",\"dateModified\":\"2026-02-17T21:50:57+00:00\",\"breadcrumb\":{\"@id\":\"https:\\\/\\\/aleksandra.klecha.pl\\\/#breadcrumb\"},\"inLanguage\":\"pl-PL\",\"potentialAction\":[{\"@type\":\"ReadAction\",\"target\":[\"https:\\\/\\\/aleksandra.klecha.pl\\\/\"]}]},{\"@type\":\"BreadcrumbList\",\"@id\":\"https:\\\/\\\/aleksandra.klecha.pl\\\/#breadcrumb\",\"itemListElement\":[{\"@type\":\"ListItem\",\"position\":1,\"name\":\"Strona g\u0142\u00f3wna\",\"item\":\"https:\\\/\\\/aleksandra.klecha.pl\\\/\"},{\"@type\":\"ListItem\",\"position\":2,\"name\":\"Strona g\u0142\u00f3wna\"}]},{\"@type\":\"WebSite\",\"@id\":\"https:\\\/\\\/aleksandra.klecha.pl\\\/#website\",\"url\":\"https:\\\/\\\/aleksandra.klecha.pl\\\/\",\"name\":\"Psycholog Psychoterapeuta Aleksandra Klecha\",\"description\":\"Zrozumienie jest pocz\u0105tkiem zmiany.\",\"publisher\":{\"@id\":\"https:\\\/\\\/aleksandra.klecha.pl\\\/#\\\/schema\\\/person\\\/c7fc562a23c5b37d1df47cb3a6bcff35\"},\"potentialAction\":[{\"@type\":\"SearchAction\",\"target\":{\"@type\":\"EntryPoint\",\"urlTemplate\":\"https:\\\/\\\/aleksandra.klecha.pl\\\/?s={search_term_string}\"},\"query-input\":{\"@type\":\"PropertyValueSpecification\",\"valueRequired\":true,\"valueName\":\"search_term_string\"}}],\"inLanguage\":\"pl-PL\"},{\"@type\":[\"Person\",\"Organization\"],\"@id\":\"https:\\\/\\\/aleksandra.klecha.pl\\\/#\\\/schema\\\/person\\\/c7fc562a23c5b37d1df47cb3a6bcff35\",\"name\":\"Aleksandra Klecha\",\"image\":{\"@type\":\"ImageObject\",\"inLanguage\":\"pl-PL\",\"@id\":\"https:\\\/\\\/aleksandra.klecha.pl\\\/wp-content\\\/uploads\\\/2026\\\/01\\\/cropped-618492438_122098841121232612_6029338591120049201_n.jpg\",\"url\":\"https:\\\/\\\/aleksandra.klecha.pl\\\/wp-content\\\/uploads\\\/2026\\\/01\\\/cropped-618492438_122098841121232612_6029338591120049201_n.jpg\",\"contentUrl\":\"https:\\\/\\\/aleksandra.klecha.pl\\\/wp-content\\\/uploads\\\/2026\\\/01\\\/cropped-618492438_122098841121232612_6029338591120049201_n.jpg\",\"width\":778,\"height\":609,\"caption\":\"Aleksandra Klecha\"},\"logo\":{\"@id\":\"https:\\\/\\\/aleksandra.klecha.pl\\\/wp-content\\\/uploads\\\/2026\\\/01\\\/cropped-618492438_122098841121232612_6029338591120049201_n.jpg\"},\"sameAs\":[\"https:\\\/\\\/aleksandra.klecha.pl\",\"https:\\\/\\\/www.facebook.com\\\/profile.php?id=61586978368165\",\"https:\\\/\\\/www.instagram.com\\\/psycholog_aleksandra_klecha?utm_source=qr&igsh=aTlpeWVzMzJpY2F0\",\"www.linkedin.com\\\/in\\\/aleksandra-klecha-680482219?originalSubdomain=pl\"]}]}<\/script>\n<!-- \/ Yoast SEO plugin. -->","yoast_head_json":{"title":"Strona g\u0142\u00f3wna - Psycholog Psychoterapeuta Aleksandra Klecha","robots":{"index":"index","follow":"follow","max-snippet":"max-snippet:-1","max-image-preview":"max-image-preview:large","max-video-preview":"max-video-preview:-1"},"canonical":"https:\/\/aleksandra.klecha.pl\/","og_locale":"pl_PL","og_type":"article","og_title":"Strona g\u0142\u00f3wna - Psycholog Psychoterapeuta Aleksandra Klecha","og_description":"Psycholog Psychoterapeuta Pozna\u0144, online &#8211; ju\u017c wkr\u00f3tce pe\u0142na wersja strony Oferuj\u0119 psychoterapi\u0119 indywidualn\u0105, terapi\u0119 par oraz konsultacje seksuologiczne dla os\u00f3b doros\u0142ych w Poznaniu.Pracuj\u0119 z zaburzeniami l\u0119kowymi, zaburzeniami nastroju, osobowo\u015bci i od\u017cywiania, a tak\u017ce z trudno\u015bciami w relacjach oraz codziennym funkcjonowaniu.Psychoterapia oparta jest na jasno okre\u015blonych celach, dostosowanych do indywidualnych potrzeb pacjenta. Jestem psychologiem, seksuologiem oraz [&hellip;]","og_url":"https:\/\/aleksandra.klecha.pl\/","og_site_name":"Psycholog Psychoterapeuta Aleksandra Klecha","article_publisher":"https:\/\/www.facebook.com\/profile.php?id=61586978368165","article_modified_time":"2026-02-17T21:50:57+00:00","twitter_card":"summary_large_image","twitter_misc":{"Szacowany czas czytania":"1 minuta"},"schema":{"@context":"https:\/\/schema.org","@graph":[{"@type":"WebPage","@id":"https:\/\/aleksandra.klecha.pl\/","url":"https:\/\/aleksandra.klecha.pl\/","name":"Strona g\u0142\u00f3wna - Psycholog Psychoterapeuta Aleksandra Klecha","isPartOf":{"@id":"https:\/\/aleksandra.klecha.pl\/#website"},"datePublished":"2026-01-06T19:13:08+00:00","dateModified":"2026-02-17T21:50:57+00:00","breadcrumb":{"@id":"https:\/\/aleksandra.klecha.pl\/#breadcrumb"},"inLanguage":"pl-PL","potentialAction":[{"@type":"ReadAction","target":["https:\/\/aleksandra.klecha.pl\/"]}]},{"@type":"BreadcrumbList","@id":"https:\/\/aleksandra.klecha.pl\/#breadcrumb","itemListElement":[{"@type":"ListItem","position":1,"name":"Strona g\u0142\u00f3wna","item":"https:\/\/aleksandra.klecha.pl\/"},{"@type":"ListItem","position":2,"name":"Strona g\u0142\u00f3wna"}]},{"@type":"WebSite","@id":"https:\/\/aleksandra.klecha.pl\/#website","url":"https:\/\/aleksandra.klecha.pl\/","name":"Psycholog Psychoterapeuta Aleksandra Klecha","description":"Zrozumienie jest pocz\u0105tkiem zmiany.","publisher":{"@id":"https:\/\/aleksandra.klecha.pl\/#\/schema\/person\/c7fc562a23c5b37d1df47cb3a6bcff35"},"potentialAction":[{"@type":"SearchAction","target":{"@type":"EntryPoint","urlTemplate":"https:\/\/aleksandra.klecha.pl\/?s={search_term_string}"},"query-input":{"@type":"PropertyValueSpecification","valueRequired":true,"valueName":"search_term_string"}}],"inLanguage":"pl-PL"},{"@type":["Person","Organization"],"@id":"https:\/\/aleksandra.klecha.pl\/#\/schema\/person\/c7fc562a23c5b37d1df47cb3a6bcff35","name":"Aleksandra Klecha","image":{"@type":"ImageObject","inLanguage":"pl-PL","@id":"https:\/\/aleksandra.klecha.pl\/wp-content\/uploads\/2026\/01\/cropped-618492438_122098841121232612_6029338591120049201_n.jpg","url":"https:\/\/aleksandra.klecha.pl\/wp-content\/uploads\/2026\/01\/cropped-618492438_122098841121232612_6029338591120049201_n.jpg","contentUrl":"https:\/\/aleksandra.klecha.pl\/wp-content\/uploads\/2026\/01\/cropped-618492438_122098841121232612_6029338591120049201_n.jpg","width":778,"height":609,"caption":"Aleksandra Klecha"},"logo":{"@id":"https:\/\/aleksandra.klecha.pl\/wp-content\/uploads\/2026\/01\/cropped-618492438_122098841121232612_6029338591120049201_n.jpg"},"sameAs":["https:\/\/aleksandra.klecha.pl","https:\/\/www.facebook.com\/profile.php?id=61586978368165","https:\/\/www.instagram.com\/psycholog_aleksandra_klecha?utm_source=qr&igsh=aTlpeWVzMzJpY2F0","www.linkedin.com\/in\/aleksandra-klecha-680482219?originalSubdomain=pl"]}]}},"_links":{"self":[{"href":"https:\/\/aleksandra.klecha.pl\/index.php\/wp-json\/wp\/v2\/pages\/37","targetHints":{"allow":["GET"]}}],"collection":[{"href":"https:\/\/aleksandra.klecha.pl\/index.php\/wp-json\/wp\/v2\/pages"}],"about":[{"href":"https:\/\/aleksandra.klecha.pl\/index.php\/wp-json\/wp\/v2\/types\/page"}],"author":[{"embeddable":true,"href":"https:\/\/aleksandra.klecha.pl\/index.php\/wp-json\/wp\/v2\/users\/1"}],"replies":[{"embeddable":true,"href":"https:\/\/aleksandra.klecha.pl\/index.php\/wp-json\/wp\/v2\/comments?post=37"}],"version-history":[{"count":6,"href":"https:\/\/aleksandra.klecha.pl\/index.php\/wp-json\/wp\/v2\/pages\/37\/revisions"}],"predecessor-version":[{"id":80,"href":"https:\/\/aleksandra.klecha.pl\/index.php\/wp-json\/wp\/v2\/pages\/37\/revisions\/80"}],"wp:attachment":[{"href":"https:\/\/aleksandra.klecha.pl\/index.php\/wp-json\/wp\/v2\/media?parent=37"}],"curies":[{"name":"wp","href":"https:\/\/api.w.org\/{rel}","templated":true}]}}